{"id":15,"date":"2018-11-02T19:51:02","date_gmt":"2018-11-02T19:51:02","guid":{"rendered":"http:\/\/geistige-adoption.de\/?page_id=15"},"modified":"2019-01-04T21:59:13","modified_gmt":"2019-01-04T21:59:13","slug":"was-ist-geistige-adoption","status":"publish","type":"page","link":"https:\/\/geistige-adoption.de\/","title":{"rendered":"Was ist Geistige Adoption?"},"content":{"rendered":"<p><span class=\"notranslate\">Der korrekte Name lautet: &#8222;Geistige Adoption eines durch Abtreibung bedrohten\u00a0Kindes&#8220;.<\/span><\/p>\n<div class=\"content\">\n<p><span class=\"notranslate\">Dies\u00a0ist keine rechtliche Adoption eines Kindes nach dessen\u00a0Geburt, sondern eine geistige\u00a0Adoption eines Kindes im Mutterleib, dass\u00a0durch Abtreibung\u00a0bedroht ist.<\/span><\/p>\n<p>Die Adoption\u00a0w<span class=\"notranslate\">ird durch das pers\u00f6nliche Gebet einer Person ausgedr\u00fcckt mit dem Ziel, das\u00a0Leben eines Kindes zu retten, das von Gott, dem Geber allen Lebens, pers\u00f6nlich ausgew\u00e4hlt wurde. Wie auch \u00a0die Zeit des Wachstums des Kindes im Mutterleib, so soll auch dieses pers\u00f6nliche Gebet f\u00fcr das Kind\u00a09 Monate dauern.\u00a0Es <\/span><span class=\"notranslate\">ist ein verbindliches Versprechen gegen\u00fcber Gott und dem Kind, welches durch eine Adoptionsverpflichtung best\u00e4tigt wird.<\/span><\/p>\n<p>In der Hinwendung zu Jesus Christus bittet der Beter f\u00fcr das Kind um Schutz vor Abtreibung und f\u00fcr dessen Eltern um die Annahme des Geschenkes der Liebe, welches ihnen Gott zukommen lassen m\u00f6chte.<\/p>\n<p>&nbsp;<\/p>\n<h3>An wen richtet sich diese Website?<\/h3>\n<p>Im Allgemeinen richtet sich die Website an alle Menschen guten Willens, die den Wert und die Bedeutung des von Gott geschaffenen Lebens anerkennen und bereit sind sich der Kultur des Todes entgegenzustellen. Besonders angesprochen sein, sollen insbesondere\u00a0junge Menschen, als zuk\u00fcnftige Eltern,\u00a0verheiratete Paare, Geburtshelfer, Priester, Ordensleute,\u00a0Mitarbeiter bei\u00a0famili\u00e4ren Beratungsstellen und\u00a0Menschen, die bereits Abtreibungen begangen oder diese gef\u00f6rdert haben.<\/p>\n<p>&nbsp;<\/p>\n<h3>Was ist der Zweck der Webseite und was sind die Vorteile der Geistigen Adoption?<\/h3>\n<p>Ziel der Geistigen Adoption ist es ein Bewusstsein daf\u00fcr zu schaffen, dass sowohl die\u00a0Abtreibung, als auch die in-vitro-Praktiken gegen Gottes Heilsplan versto\u00dfen und letztlich zur\u00a0Zerst\u00f6rung der Familien und der Gesellschaft f\u00fchren. Das Gebet f\u00fcr das Kind und seine Eltern pr\u00e4gt eine familienfreundliche Einstellung im Beter ein und f\u00f6rdert das klare Bekenntnis gegen\u00a0Abtreibungen und jegliche\u00a0in-vitro-Praktiken.<\/p>\n<p>Menschen, die bereits Abtreibungen begangen oder diese gef\u00f6rdert haben und nun an deren Folgen leiden (Post-Abortion-Syndrom) unterst\u00fctzen durch das Gebet nicht nur werdende Eltern, sondern haben hier auch die M\u00f6glichkeit der Vers\u00f6hnung mit sich, dem abgetriebenen Kind und mit Gott.<\/p>\n<p>Die Geistige\u00a0Adoption st\u00e4rkt die Menschen in ihren moralischen Grunds\u00e4tzen, schafft in der Familie ein Gef\u00fchl der Verbindung, der gegenseitigen Liebe, der Sicherheit und Solidarit\u00e4t\u00a0und ist Grundlage f\u00fcr eine gesunde Entwicklung der Gesellschaft und dem Fortbestehen der Nation.<\/p>\n<\/div>\n","protected":false},"excerpt":{"rendered":"<p>Der korrekte Name lautet: &#8222;Geistige Adoption eines durch Abtreibung bedrohten\u00a0Kindes&#8220;. Dies\u00a0ist keine rechtliche Adoption eines Kindes nach dessen\u00a0Geburt, sondern eine geistige\u00a0Adoption eines Kindes im Mutterleib, dass\u00a0durch Abtreibung\u00a0bedroht ist. Die Adoption\u00a0wird durch das pers\u00f6nliche Gebet einer Person ausgedr\u00fcckt mit dem Ziel, das\u00a0Leben eines Kindes zu retten, das von Gott, dem Geber allen Lebens, pers\u00f6nlich ausgew\u00e4hlt wurde. &hellip; <span class=\"read-more\"><a href=\"https:\/\/geistige-adoption.de\/\" class=\"more-link\">Read More<\/a><\/span><\/p>\n","protected":false},"author":1,"featured_media":80,"parent":0,"menu_order":0,"comment_status":"closed","ping_status":"closed","template":"","meta":{"jetpack_post_was_ever_published":false,"footnotes":""},"class_list":["post-15","page","type-page","status-publish","has-post-thumbnail","hentry"],"jetpack_sharing_enabled":true,"jetpack_shortlink":"https:\/\/wp.me\/PaApn9-f","jetpack-related-posts":[],"_links":{"self":[{"href":"https:\/\/geistige-adoption.de\/index.php?rest_route=\/wp\/v2\/pages\/15","targetHints":{"allow":["GET"]}}],"collection":[{"href":"https:\/\/geistige-adoption.de\/index.php?rest_route=\/wp\/v2\/pages"}],"about":[{"href":"https:\/\/geistige-adoption.de\/index.php?rest_route=\/wp\/v2\/types\/page"}],"author":[{"embeddable":true,"href":"https:\/\/geistige-adoption.de\/index.php?rest_route=\/wp\/v2\/users\/1"}],"replies":[{"embeddable":true,"href":"https:\/\/geistige-adoption.de\/index.php?rest_route=%2Fwp%2Fv2%2Fcomments&post=15"}],"version-history":[{"count":9,"href":"https:\/\/geistige-adoption.de\/index.php?rest_route=\/wp\/v2\/pages\/15\/revisions"}],"predecessor-version":[{"id":94,"href":"https:\/\/geistige-adoption.de\/index.php?rest_route=\/wp\/v2\/pages\/15\/revisions\/94"}],"wp:featuredmedia":[{"embeddable":true,"href":"https:\/\/geistige-adoption.de\/index.php?rest_route=\/wp\/v2\/media\/80"}],"wp:attachment":[{"href":"https:\/\/geistige-adoption.de\/index.php?rest_route=%2Fwp%2Fv2%2Fmedia&parent=15"}],"curies":[{"name":"wp","href":"https:\/\/api.w.org\/{rel}","templated":true}]}}